{"id":2298,"date":"2023-11-19T08:43:26","date_gmt":"2023-11-19T07:43:26","guid":{"rendered":"https:\/\/www.pezzo-strick.de\/pezzoshop\/?post_type=product&#038;p=2298"},"modified":"2025-11-03T08:15:05","modified_gmt":"2025-11-03T07:15:05","slug":"pullunder-handgestrickt-aus-schurwollgemisch-art-nr-ma0112","status":"publish","type":"product","link":"https:\/\/www.pezzo-strick.de\/pezzoshop\/produkt\/pullunder-handgestrickt-aus-schurwollgemisch-art-nr-ma0112\/","title":{"rendered":"Pullunder handgestrickt aus Merino-\/Alpakagemisch Art.Nr. MA-0112"},"content":{"rendered":"<p>Messeware \u2013 Einzelst\u00fcck &#8211; Art.Nr. MA-0112<br \/>\nPullunder handgestrickt aus 70% Merino, 30% Alpaka, besonders weich und w\u00e4rmend. Ein angenehmer Begleiter nicht nur f\u00fcr den Winter, sondern auch f\u00fcr k\u00fchlere Sommern\u00e4chte. Der Saum und die Armausschnitte wurden mit Muscheln verziert. Einzigartig macht diesen Pullunder der runde, mit R\u00fcschen verzierte Halsausschnitt, der im R\u00fccken etwas tiefer gehalten ist.<\/p>\n<p>Farbe: hellblau<br \/>\nGr\u00f6\u00dfe: 36<\/p>\n","protected":false},"excerpt":{"rendered":"<p>Messeware \u2013 Einzelst\u00fcck &#8211; Art.Nr. MA-0112<br \/>\nPullunder handgestrickt aus 70% Merino, 30% Alpaka, besonders weich und w\u00e4rmend. Ein angenehmer Begleiter nicht nur f\u00fcr den Winter, sondern auch f\u00fcr k\u00fchlere Sommern\u00e4chte. Der Saum und die Armausschnitte wurden mit Muscheln verziert. Einzigartig macht diesen Pullunder der runde, mit R\u00fcschen verzierte Halsausschnitt, der im R\u00fccken etwas tiefer gehalten ist.<\/p>\n<p>Farbe: hellblau<br \/>\nGr\u00f6\u00dfe: 36<\/p>\n","protected":false},"featured_media":2299,"template":"","meta":{"ocean_post_layout":"","ocean_both_sidebars_style":"","ocean_both_sidebars_content_width":0,"ocean_both_sidebars_sidebars_width":0,"ocean_sidebar":"0","ocean_second_sidebar":"0","ocean_disable_margins":"enable","ocean_add_body_class":"","ocean_shortcode_before_top_bar":"","ocean_shortcode_after_top_bar":"","ocean_shortcode_before_header":"","ocean_shortcode_after_header":"","ocean_has_shortcode":"","ocean_shortcode_after_title":"","ocean_shortcode_before_footer_widgets":"","ocean_shortcode_after_footer_widgets":"","ocean_shortcode_before_footer_bottom":"","ocean_shortcode_after_footer_bottom":"","ocean_display_top_bar":"default","ocean_display_header":"default","ocean_header_style":"","ocean_center_header_left_menu":"0","ocean_custom_header_template":"0","ocean_custom_logo":0,"ocean_custom_retina_logo":0,"ocean_custom_logo_max_width":0,"ocean_custom_logo_tablet_max_width":0,"ocean_custom_logo_mobile_max_width":0,"ocean_custom_logo_max_height":0,"ocean_custom_logo_tablet_max_height":0,"ocean_custom_logo_mobile_max_height":0,"ocean_header_custom_menu":"0","ocean_menu_typo_font_family":"0","ocean_menu_typo_font_subset":"","ocean_menu_typo_font_size":0,"ocean_menu_typo_font_size_tablet":0,"ocean_menu_typo_font_size_mobile":0,"ocean_menu_typo_font_size_unit":"px","ocean_menu_typo_font_weight":"","ocean_menu_typo_font_weight_tablet":"","ocean_menu_typo_font_weight_mobile":"","ocean_menu_typo_transform":"","ocean_menu_typo_transform_tablet":"","ocean_menu_typo_transform_mobile":"","ocean_menu_typo_line_height":0,"ocean_menu_typo_line_height_tablet":0,"ocean_menu_typo_line_height_mobile":0,"ocean_menu_typo_line_height_unit":"","ocean_menu_typo_spacing":0,"ocean_menu_typo_spacing_tablet":0,"ocean_menu_typo_spacing_mobile":0,"ocean_menu_typo_spacing_unit":"","ocean_menu_link_color":"","ocean_menu_link_color_hover":"","ocean_menu_link_color_active":"","ocean_menu_link_background":"","ocean_menu_link_hover_background":"","ocean_menu_link_active_background":"","ocean_menu_social_links_bg":"","ocean_menu_social_hover_links_bg":"","ocean_menu_social_links_color":"","ocean_menu_social_hover_links_color":"","ocean_disable_title":"default","ocean_disable_heading":"default","ocean_post_title":"","ocean_post_subheading":"","ocean_post_title_style":"","ocean_post_title_background_color":"","ocean_post_title_background":0,"ocean_post_title_bg_image_position":"","ocean_post_title_bg_image_attachment":"","ocean_post_title_bg_image_repeat":"","ocean_post_title_bg_image_size":"","ocean_post_title_height":0,"ocean_post_title_bg_overlay":0.5,"ocean_post_title_bg_overlay_color":"","ocean_disable_breadcrumbs":"default","ocean_breadcrumbs_color":"","ocean_breadcrumbs_separator_color":"","ocean_breadcrumbs_links_color":"","ocean_breadcrumbs_links_hover_color":"","ocean_display_footer_widgets":"default","ocean_display_footer_bottom":"default","ocean_custom_footer_template":"0"},"product_brand":[],"product_cat":[15],"product_tag":[97,80,81],"class_list":{"0":"post-2298","1":"product","2":"type-product","3":"status-publish","4":"has-post-thumbnail","6":"product_cat-damen","7":"product_tag-handgestrickt","8":"product_tag-pullunder","9":"product_tag-strickpullunder","10":"pa_groesse-s-m","11":"pa_qualitaet-schafwolle","13":"entry","14":"has-media","16":"first","17":"instock","18":"sale","19":"sold-individually","20":"taxable","21":"shipping-taxable","22":"purchasable","23":"product-type-simple","24":"has-product-nav","25":"col","26":"span_1_of_3","27":"owp-content-center","28":"owp-thumbs-layout-horizontal","29":"owp-btn-normal","30":"owp-tabs-layout-horizontal"},"_links":{"self":[{"href":"https:\/\/www.pezzo-strick.de\/pezzoshop\/wp-json\/wp\/v2\/product\/2298","targetHints":{"allow":["GET"]}}],"collection":[{"href":"https:\/\/www.pezzo-strick.de\/pezzoshop\/wp-json\/wp\/v2\/product"}],"about":[{"href":"https:\/\/www.pezzo-strick.de\/pezzoshop\/wp-json\/wp\/v2\/types\/product"}],"wp:featuredmedia":[{"embeddable":true,"href":"https:\/\/www.pezzo-strick.de\/pezzoshop\/wp-json\/wp\/v2\/media\/2299"}],"wp:attachment":[{"href":"https:\/\/www.pezzo-strick.de\/pezzoshop\/wp-json\/wp\/v2\/media?parent=2298"}],"wp:term":[{"taxonomy":"product_brand","embeddable":true,"href":"https:\/\/www.pezzo-strick.de\/pezzoshop\/wp-json\/wp\/v2\/product_brand?post=2298"},{"taxonomy":"product_cat","embeddable":true,"href":"https:\/\/www.pezzo-strick.de\/pezzoshop\/wp-json\/wp\/v2\/product_cat?post=2298"},{"taxonomy":"product_tag","embeddable":true,"href":"https:\/\/www.pezzo-strick.de\/pezzoshop\/wp-json\/wp\/v2\/product_tag?post=2298"}],"curies":[{"name":"wp","href":"https:\/\/api.w.org\/{rel}","templated":true}]}}