{"id":2391,"date":"2024-02-01T08:00:05","date_gmt":"2024-02-01T07:00:05","guid":{"rendered":"https:\/\/www.pezzo-strick.de\/pezzoshop\/?post_type=product&#038;p=2391"},"modified":"2025-12-23T11:56:09","modified_gmt":"2025-12-23T10:56:09","slug":"strickweste-aus-schurwolle-und-loden-art-nr-hs083","status":"publish","type":"product","link":"https:\/\/www.pezzo-strick.de\/pezzoshop\/produkt\/strickweste-aus-schurwolle-und-loden-art-nr-hs083\/","title":{"rendered":"Strickweste aus Schafschurwolle und Loden Art.Nr. HLS083"},"content":{"rendered":"<p>Messeware &#8211; Einzelst\u00fcck &#8211; Art.Nr. HLS083<br \/>\nTrachtenweste handgestrickt im klassischen Trachtenmuster aus reiner Schafschurwolle. Kragen, R\u00fccken und Brustbereich sind aus dunkelgrauen Lodenstoff. Alle Tascheneingriffe wurden mit dunkelgrauem Lodenstoff abgesetzt und gr\u00fcner Paspel eingefasst. Die R\u00e4nder der Vorterteile, R\u00fcckenteile und Armausschnitte wurden in gr\u00fcner Paspel eingefasst.<\/p>\n<p>Kragen: au\u00dfen dunkelgrauer Lodenstoff, innen gr\u00fcner Lodenstoff<br \/>\nFutter: mit gr\u00fcnen und hellgr\u00fcnen Ornamenten und Streifen.<br \/>\nKn\u00f6pfe: Rinderhorn<br \/>\nGr\u00f6\u00dfe: 50<\/p>\n","protected":false},"excerpt":{"rendered":"<p>Messeware &#8211; Einzelst\u00fcck &#8211; Art.Nr. HLS083<br \/>\nTrachtenweste handgestrickt im klassischen Trachtenmuster aus reiner Schafschurwolle. Kragen, R\u00fccken und Brustbereich sind aus dunkelgrauen Lodenstoff. Alle Tascheneingriffe wurden mit dunkelgrauem Lodenstoff abgesetzt und gr\u00fcner Paspel eingefasst. Die R\u00e4nder der Vorterteile, R\u00fcckenteile und Armausschnitte wurden in gr\u00fcner Paspel eingefasst.<\/p>\n<p>Kragen: au\u00dfen dunkelgrauer Lodenstoff, innen gr\u00fcner Lodenstoff<br \/>\nFutter: mit gr\u00fcnen und hellgr\u00fcnen Ornamenten und Streifen.<br \/>\nKn\u00f6pfe: Rinderhorn<br \/>\nGr\u00f6\u00dfe: 50<\/p>\n","protected":false},"featured_media":2392,"template":"","meta":{"ocean_post_layout":"","ocean_both_sidebars_style":"","ocean_both_sidebars_content_width":0,"ocean_both_sidebars_sidebars_width":0,"ocean_sidebar":"0","ocean_second_sidebar":"0","ocean_disable_margins":"enable","ocean_add_body_class":"","ocean_shortcode_before_top_bar":"","ocean_shortcode_after_top_bar":"","ocean_shortcode_before_header":"","ocean_shortcode_after_header":"","ocean_has_shortcode":"","ocean_shortcode_after_title":"","ocean_shortcode_before_footer_widgets":"","ocean_shortcode_after_footer_widgets":"","ocean_shortcode_before_footer_bottom":"","ocean_shortcode_after_footer_bottom":"","ocean_display_top_bar":"default","ocean_display_header":"default","ocean_header_style":"","ocean_center_header_left_menu":"0","ocean_custom_header_template":"0","ocean_custom_logo":0,"ocean_custom_retina_logo":0,"ocean_custom_logo_max_width":0,"ocean_custom_logo_tablet_max_width":0,"ocean_custom_logo_mobile_max_width":0,"ocean_custom_logo_max_height":0,"ocean_custom_logo_tablet_max_height":0,"ocean_custom_logo_mobile_max_height":0,"ocean_header_custom_menu":"0","ocean_menu_typo_font_family":"0","ocean_menu_typo_font_subset":"","ocean_menu_typo_font_size":0,"ocean_menu_typo_font_size_tablet":0,"ocean_menu_typo_font_size_mobile":0,"ocean_menu_typo_font_size_unit":"px","ocean_menu_typo_font_weight":"","ocean_menu_typo_font_weight_tablet":"","ocean_menu_typo_font_weight_mobile":"","ocean_menu_typo_transform":"","ocean_menu_typo_transform_tablet":"","ocean_menu_typo_transform_mobile":"","ocean_menu_typo_line_height":0,"ocean_menu_typo_line_height_tablet":0,"ocean_menu_typo_line_height_mobile":0,"ocean_menu_typo_line_height_unit":"","ocean_menu_typo_spacing":0,"ocean_menu_typo_spacing_tablet":0,"ocean_menu_typo_spacing_mobile":0,"ocean_menu_typo_spacing_unit":"","ocean_menu_link_color":"","ocean_menu_link_color_hover":"","ocean_menu_link_color_active":"","ocean_menu_link_background":"","ocean_menu_link_hover_background":"","ocean_menu_link_active_background":"","ocean_menu_social_links_bg":"","ocean_menu_social_hover_links_bg":"","ocean_menu_social_links_color":"","ocean_menu_social_hover_links_color":"","ocean_disable_title":"default","ocean_disable_heading":"default","ocean_post_title":"","ocean_post_subheading":"","ocean_post_title_style":"","ocean_post_title_background_color":"","ocean_post_title_background":0,"ocean_post_title_bg_image_position":"","ocean_post_title_bg_image_attachment":"","ocean_post_title_bg_image_repeat":"","ocean_post_title_bg_image_size":"","ocean_post_title_height":0,"ocean_post_title_bg_overlay":0.5,"ocean_post_title_bg_overlay_color":"","ocean_disable_breadcrumbs":"default","ocean_breadcrumbs_color":"","ocean_breadcrumbs_separator_color":"","ocean_breadcrumbs_links_color":"","ocean_breadcrumbs_links_hover_color":"","ocean_display_footer_widgets":"default","ocean_display_footer_bottom":"default","ocean_custom_footer_template":"0"},"product_brand":[],"product_cat":[18],"product_tag":[71,49,59,94],"class_list":{"0":"post-2391","1":"product","2":"type-product","3":"status-publish","4":"has-post-thumbnail","6":"product_cat-herren","7":"product_tag-schurwolle","8":"product_tag-strickweste","9":"product_tag-trachtenweste","10":"product_tag-weste","12":"entry","13":"has-media","15":"first","16":"instock","17":"sale","18":"sold-individually","19":"taxable","20":"shipping-taxable","21":"purchasable","22":"product-type-simple","23":"has-product-nav","24":"col","25":"span_1_of_3","26":"owp-content-center","27":"owp-thumbs-layout-horizontal","28":"owp-btn-normal","29":"owp-tabs-layout-horizontal"},"_links":{"self":[{"href":"https:\/\/www.pezzo-strick.de\/pezzoshop\/wp-json\/wp\/v2\/product\/2391","targetHints":{"allow":["GET"]}}],"collection":[{"href":"https:\/\/www.pezzo-strick.de\/pezzoshop\/wp-json\/wp\/v2\/product"}],"about":[{"href":"https:\/\/www.pezzo-strick.de\/pezzoshop\/wp-json\/wp\/v2\/types\/product"}],"wp:featuredmedia":[{"embeddable":true,"href":"https:\/\/www.pezzo-strick.de\/pezzoshop\/wp-json\/wp\/v2\/media\/2392"}],"wp:attachment":[{"href":"https:\/\/www.pezzo-strick.de\/pezzoshop\/wp-json\/wp\/v2\/media?parent=2391"}],"wp:term":[{"taxonomy":"product_brand","embeddable":true,"href":"https:\/\/www.pezzo-strick.de\/pezzoshop\/wp-json\/wp\/v2\/product_brand?post=2391"},{"taxonomy":"product_cat","embeddable":true,"href":"https:\/\/www.pezzo-strick.de\/pezzoshop\/wp-json\/wp\/v2\/product_cat?post=2391"},{"taxonomy":"product_tag","embeddable":true,"href":"https:\/\/www.pezzo-strick.de\/pezzoshop\/wp-json\/wp\/v2\/product_tag?post=2391"}],"curies":[{"name":"wp","href":"https:\/\/api.w.org\/{rel}","templated":true}]}}