{"id":2512,"date":"2024-04-10T09:22:47","date_gmt":"2024-04-10T07:22:47","guid":{"rendered":"https:\/\/www.pezzo-strick.de\/pezzoshop\/?post_type=product&#038;p=2512"},"modified":"2024-12-18T09:21:50","modified_gmt":"2024-12-18T08:21:50","slug":"damenjacke-handgestrickt-aus-100-merinowolle-art-nr-me-0125","status":"publish","type":"product","link":"https:\/\/www.pezzo-strick.de\/pezzoshop\/produkt\/damenjacke-handgestrickt-aus-100-merinowolle-art-nr-me-0125\/","title":{"rendered":"Damenpullover handgestrickt aus 100% Merinowolle Art.Nr. ME-0125"},"content":{"rendered":"<p>Messeware \u2013 Einzelst\u00fcck \u2013 Art.Nr. ME0125<br \/>\nDamenpullover handgestrickt aus 100% Merinowolle. Der Pullover hat am Ausschnitt ein einzigartiges Wickelmuster. Im R\u00fccken wurde eine Kellerfalte aus grauem Lodenstoff eingearbeitet. Das Highlight des Pullovers sind die aufgestickten Bl\u00fcmchen zum Teil mit Perlen an Vorder- und R\u00fcckenteil und an den \u00c4rmeln. Der Pulli ist weich und angenehm zu tragen.<\/p>\n<p>Farbe: dunkelgrau<br \/>\nGr\u00f6\u00dfe: 34<\/p>\n","protected":false},"excerpt":{"rendered":"<p>Messeware \u2013 Einzelst\u00fcck \u2013 Art.Nr. ME0125<br \/>\nDamenpullover handgestrickt aus 100% Merinowolle. Der Pullover hat am Ausschnitt ein einzigartiges Wickelmuster. Im R\u00fccken wurde eine Kellerfalte aus grauem Lodenstoff eingearbeitet. Das Highlight des Pullovers sind die aufgestickten Bl\u00fcmchen zum Teil mit Perlen an Vorder- und R\u00fcckenteil und an den \u00c4rmeln. Der Pulli ist weich und angenehm zu tragen.<\/p>\n<p>Farbe: dunkelgrau<br \/>\nGr\u00f6\u00dfe: 34<\/p>\n","protected":false},"featured_media":2513,"template":"","meta":{"ocean_post_layout":"","ocean_both_sidebars_style":"","ocean_both_sidebars_content_width":0,"ocean_both_sidebars_sidebars_width":0,"ocean_sidebar":"0","ocean_second_sidebar":"0","ocean_disable_margins":"enable","ocean_add_body_class":"","ocean_shortcode_before_top_bar":"","ocean_shortcode_after_top_bar":"","ocean_shortcode_before_header":"","ocean_shortcode_after_header":"","ocean_has_shortcode":"","ocean_shortcode_after_title":"","ocean_shortcode_before_footer_widgets":"","ocean_shortcode_after_footer_widgets":"","ocean_shortcode_before_footer_bottom":"","ocean_shortcode_after_footer_bottom":"","ocean_display_top_bar":"default","ocean_display_header":"default","ocean_header_style":"","ocean_center_header_left_menu":"0","ocean_custom_header_template":"0","ocean_custom_logo":0,"ocean_custom_retina_logo":0,"ocean_custom_logo_max_width":0,"ocean_custom_logo_tablet_max_width":0,"ocean_custom_logo_mobile_max_width":0,"ocean_custom_logo_max_height":0,"ocean_custom_logo_tablet_max_height":0,"ocean_custom_logo_mobile_max_height":0,"ocean_header_custom_menu":"0","ocean_menu_typo_font_family":"0","ocean_menu_typo_font_subset":"","ocean_menu_typo_font_size":0,"ocean_menu_typo_font_size_tablet":0,"ocean_menu_typo_font_size_mobile":0,"ocean_menu_typo_font_size_unit":"px","ocean_menu_typo_font_weight":"","ocean_menu_typo_font_weight_tablet":"","ocean_menu_typo_font_weight_mobile":"","ocean_menu_typo_transform":"","ocean_menu_typo_transform_tablet":"","ocean_menu_typo_transform_mobile":"","ocean_menu_typo_line_height":0,"ocean_menu_typo_line_height_tablet":0,"ocean_menu_typo_line_height_mobile":0,"ocean_menu_typo_line_height_unit":"","ocean_menu_typo_spacing":0,"ocean_menu_typo_spacing_tablet":0,"ocean_menu_typo_spacing_mobile":0,"ocean_menu_typo_spacing_unit":"","ocean_menu_link_color":"","ocean_menu_link_color_hover":"","ocean_menu_link_color_active":"","ocean_menu_link_background":"","ocean_menu_link_hover_background":"","ocean_menu_link_active_background":"","ocean_menu_social_links_bg":"","ocean_menu_social_hover_links_bg":"","ocean_menu_social_links_color":"","ocean_menu_social_hover_links_color":"","ocean_disable_title":"default","ocean_disable_heading":"default","ocean_post_title":"","ocean_post_subheading":"","ocean_post_title_style":"","ocean_post_title_background_color":"","ocean_post_title_background":0,"ocean_post_title_bg_image_position":"","ocean_post_title_bg_image_attachment":"","ocean_post_title_bg_image_repeat":"","ocean_post_title_bg_image_size":"","ocean_post_title_height":0,"ocean_post_title_bg_overlay":0.5,"ocean_post_title_bg_overlay_color":"","ocean_disable_breadcrumbs":"default","ocean_breadcrumbs_color":"","ocean_breadcrumbs_separator_color":"","ocean_breadcrumbs_links_color":"","ocean_breadcrumbs_links_hover_color":"","ocean_display_footer_widgets":"default","ocean_display_footer_bottom":"default","ocean_custom_footer_template":"0"},"product_brand":[],"product_cat":[15],"product_tag":[44,96,97,46,63,100],"class_list":{"0":"post-2512","1":"product","2":"type-product","3":"status-publish","4":"has-post-thumbnail","6":"product_cat-damen","7":"product_tag-bestickt","8":"product_tag-damenpullover","9":"product_tag-handgestrickt","10":"product_tag-merino","11":"product_tag-pullover","12":"product_tag-strickpullover","13":"pa_groesse-s-m","14":"pa_qualitaet-alpaka","15":"pa_qualitaet-merino","17":"entry","18":"has-media","20":"first","21":"outofstock","22":"sale","23":"sold-individually","24":"taxable","25":"shipping-taxable","26":"purchasable","27":"product-type-simple","28":"has-product-nav","29":"col","30":"span_1_of_3","31":"owp-content-center","32":"owp-thumbs-layout-horizontal","33":"owp-btn-normal","34":"owp-tabs-layout-horizontal"},"_links":{"self":[{"href":"https:\/\/www.pezzo-strick.de\/pezzoshop\/wp-json\/wp\/v2\/product\/2512","targetHints":{"allow":["GET"]}}],"collection":[{"href":"https:\/\/www.pezzo-strick.de\/pezzoshop\/wp-json\/wp\/v2\/product"}],"about":[{"href":"https:\/\/www.pezzo-strick.de\/pezzoshop\/wp-json\/wp\/v2\/types\/product"}],"wp:featuredmedia":[{"embeddable":true,"href":"https:\/\/www.pezzo-strick.de\/pezzoshop\/wp-json\/wp\/v2\/media\/2513"}],"wp:attachment":[{"href":"https:\/\/www.pezzo-strick.de\/pezzoshop\/wp-json\/wp\/v2\/media?parent=2512"}],"wp:term":[{"taxonomy":"product_brand","embeddable":true,"href":"https:\/\/www.pezzo-strick.de\/pezzoshop\/wp-json\/wp\/v2\/product_brand?post=2512"},{"taxonomy":"product_cat","embeddable":true,"href":"https:\/\/www.pezzo-strick.de\/pezzoshop\/wp-json\/wp\/v2\/product_cat?post=2512"},{"taxonomy":"product_tag","embeddable":true,"href":"https:\/\/www.pezzo-strick.de\/pezzoshop\/wp-json\/wp\/v2\/product_tag?post=2512"}],"curies":[{"name":"wp","href":"https:\/\/api.w.org\/{rel}","templated":true}]}}