{"id":2926,"date":"2024-08-05T09:17:05","date_gmt":"2024-08-05T07:17:05","guid":{"rendered":"https:\/\/www.pezzo-strick.de\/pezzoshop\/?post_type=product&#038;p=2926"},"modified":"2025-11-07T07:16:47","modified_gmt":"2025-11-07T06:16:47","slug":"damenjacke-handgestrickt-aus-100-merinowolle-art-nr-me-0137","status":"publish","type":"product","link":"https:\/\/www.pezzo-strick.de\/pezzoshop\/produkt\/damenjacke-handgestrickt-aus-100-merinowolle-art-nr-me-0137\/","title":{"rendered":"Damenjacke handgestrickt aus 100% Merinowolle Art.Nr. ME-0137"},"content":{"rendered":"<p>Messeware \u2013 Einzelst\u00fcck \u2013 Art.Nr. ME-0137<br \/>\nDamenjacke handgestrickt aus 100% Merinowolle. Bekleidung aus der Wolle des Merinoschafes tr\u00e4gt sich besonders angenehm durch die k\u00fchlende und w\u00e4rmende Eigenschaft der Faser und die besondere Weichheit. Die Jacke hat eine ausgestellte Form und im R\u00fccken eine Kellerfalte aus Loden. <\/p>\n<p>Farbe: grau<br \/>\nKn\u00f6pfe: Hirschhorn<br \/>\nGr\u00f6\u00dfe: 36<\/p>\n","protected":false},"excerpt":{"rendered":"<p>Messeware \u2013 Einzelst\u00fcck \u2013 Art.Nr. ME-0137<br \/>\nDamenjacke handgestrickt aus 100% Merinowolle. Bekleidung aus der Wolle des Merinoschafes tr\u00e4gt sich besonders angenehm durch die k\u00fchlende und w\u00e4rmende Eigenschaft der Faser und die besondere Weichheit. Die Jacke hat eine ausgestellte Form und im R\u00fccken eine Kellerfalte aus Loden. <\/p>\n<p>Farbe: grau<br \/>\nKn\u00f6pfe: Hirschhorn<br \/>\nGr\u00f6\u00dfe: 36<\/p>\n","protected":false},"featured_media":2927,"template":"","meta":{"ocean_post_layout":"","ocean_both_sidebars_style":"","ocean_both_sidebars_content_width":0,"ocean_both_sidebars_sidebars_width":0,"ocean_sidebar":"0","ocean_second_sidebar":"0","ocean_disable_margins":"enable","ocean_add_body_class":"","ocean_shortcode_before_top_bar":"","ocean_shortcode_after_top_bar":"","ocean_shortcode_before_header":"","ocean_shortcode_after_header":"","ocean_has_shortcode":"","ocean_shortcode_after_title":"","ocean_shortcode_before_footer_widgets":"","ocean_shortcode_after_footer_widgets":"","ocean_shortcode_before_footer_bottom":"","ocean_shortcode_after_footer_bottom":"","ocean_display_top_bar":"default","ocean_display_header":"default","ocean_header_style":"","ocean_center_header_left_menu":"0","ocean_custom_header_template":"0","ocean_custom_logo":0,"ocean_custom_retina_logo":0,"ocean_custom_logo_max_width":0,"ocean_custom_logo_tablet_max_width":0,"ocean_custom_logo_mobile_max_width":0,"ocean_custom_logo_max_height":0,"ocean_custom_logo_tablet_max_height":0,"ocean_custom_logo_mobile_max_height":0,"ocean_header_custom_menu":"0","ocean_menu_typo_font_family":"0","ocean_menu_typo_font_subset":"","ocean_menu_typo_font_size":0,"ocean_menu_typo_font_size_tablet":0,"ocean_menu_typo_font_size_mobile":0,"ocean_menu_typo_font_size_unit":"px","ocean_menu_typo_font_weight":"","ocean_menu_typo_font_weight_tablet":"","ocean_menu_typo_font_weight_mobile":"","ocean_menu_typo_transform":"","ocean_menu_typo_transform_tablet":"","ocean_menu_typo_transform_mobile":"","ocean_menu_typo_line_height":0,"ocean_menu_typo_line_height_tablet":0,"ocean_menu_typo_line_height_mobile":0,"ocean_menu_typo_line_height_unit":"","ocean_menu_typo_spacing":0,"ocean_menu_typo_spacing_tablet":0,"ocean_menu_typo_spacing_mobile":0,"ocean_menu_typo_spacing_unit":"","ocean_menu_link_color":"","ocean_menu_link_color_hover":"","ocean_menu_link_color_active":"","ocean_menu_link_background":"","ocean_menu_link_hover_background":"","ocean_menu_link_active_background":"","ocean_menu_social_links_bg":"","ocean_menu_social_hover_links_bg":"","ocean_menu_social_links_color":"","ocean_menu_social_hover_links_color":"","ocean_disable_title":"default","ocean_disable_heading":"default","ocean_post_title":"","ocean_post_subheading":"","ocean_post_title_style":"","ocean_post_title_background_color":"","ocean_post_title_background":0,"ocean_post_title_bg_image_position":"","ocean_post_title_bg_image_attachment":"","ocean_post_title_bg_image_repeat":"","ocean_post_title_bg_image_size":"","ocean_post_title_height":0,"ocean_post_title_bg_overlay":0.5,"ocean_post_title_bg_overlay_color":"","ocean_disable_breadcrumbs":"default","ocean_breadcrumbs_color":"","ocean_breadcrumbs_separator_color":"","ocean_breadcrumbs_links_color":"","ocean_breadcrumbs_links_hover_color":"","ocean_display_footer_widgets":"default","ocean_display_footer_bottom":"default","ocean_custom_footer_template":"0"},"product_brand":[],"product_cat":[15],"product_tag":[95,97,122,46,42,45,84],"class_list":{"0":"post-2926","1":"product","2":"type-product","3":"status-publish","4":"has-post-thumbnail","6":"product_cat-damen","7":"product_tag-damenjacke","8":"product_tag-handgestrickt","9":"product_tag-kellerfalte","10":"product_tag-merino","11":"product_tag-strickjacke","12":"product_tag-trachtenjacke","13":"product_tag-trachtenjanker","14":"pa_groesse-s-m","15":"pa_qualitaet-alpaka","16":"pa_qualitaet-merino","18":"entry","19":"has-media","21":"first","22":"instock","23":"sale","24":"sold-individually","25":"taxable","26":"shipping-taxable","27":"purchasable","28":"product-type-simple","29":"has-product-nav","30":"col","31":"span_1_of_3","32":"owp-content-center","33":"owp-thumbs-layout-horizontal","34":"owp-btn-normal","35":"owp-tabs-layout-horizontal"},"_links":{"self":[{"href":"https:\/\/www.pezzo-strick.de\/pezzoshop\/wp-json\/wp\/v2\/product\/2926","targetHints":{"allow":["GET"]}}],"collection":[{"href":"https:\/\/www.pezzo-strick.de\/pezzoshop\/wp-json\/wp\/v2\/product"}],"about":[{"href":"https:\/\/www.pezzo-strick.de\/pezzoshop\/wp-json\/wp\/v2\/types\/product"}],"wp:featuredmedia":[{"embeddable":true,"href":"https:\/\/www.pezzo-strick.de\/pezzoshop\/wp-json\/wp\/v2\/media\/2927"}],"wp:attachment":[{"href":"https:\/\/www.pezzo-strick.de\/pezzoshop\/wp-json\/wp\/v2\/media?parent=2926"}],"wp:term":[{"taxonomy":"product_brand","embeddable":true,"href":"https:\/\/www.pezzo-strick.de\/pezzoshop\/wp-json\/wp\/v2\/product_brand?post=2926"},{"taxonomy":"product_cat","embeddable":true,"href":"https:\/\/www.pezzo-strick.de\/pezzoshop\/wp-json\/wp\/v2\/product_cat?post=2926"},{"taxonomy":"product_tag","embeddable":true,"href":"https:\/\/www.pezzo-strick.de\/pezzoshop\/wp-json\/wp\/v2\/product_tag?post=2926"}],"curies":[{"name":"wp","href":"https:\/\/api.w.org\/{rel}","templated":true}]}}