{"id":3470,"date":"2025-02-01T08:00:15","date_gmt":"2025-02-01T07:00:15","guid":{"rendered":"https:\/\/www.pezzo-strick.de\/pezzoshop\/?post_type=product&#038;p=3470"},"modified":"2025-12-10T08:36:34","modified_gmt":"2025-12-10T07:36:34","slug":"pullover-handgestrickt-aus-schurwollgemisch-art-nr-ma-0156","status":"publish","type":"product","link":"https:\/\/www.pezzo-strick.de\/pezzoshop\/produkt\/pullover-handgestrickt-aus-schurwollgemisch-art-nr-ma-0156\/","title":{"rendered":"Pullover handgestrickt aus Schurwollgemisch, Art.Nr. MA-0156"},"content":{"rendered":"<p>Messeware \u2013 Einzelst\u00fcck &#8211; Art.Nr. MA-0156<br \/>\nDer handgestrickte Pullover aus 70% Merino und 30% Alpaka ist sehr weich und w\u00e4rmend, ein perfekter Begleiter an kalten Wintertagen. Die Besonderheit ist die Kellerfalte im R\u00fccken, die mit beigem Lodenstoff versehen und mit Mausez\u00e4hnchen eingefasst ist. Zu einem Highlight wird dieser Pullover durch das beige Satinband mit Perle, das in den Kragen mit eingezogen wurde. Im R\u00fccken und an den \u00c4rmeln wurden ebenso Schleifen aus beigem Satinband eingearbeitet.<\/p>\n<p>Farbe: beige<br \/>\nGr\u00f6\u00dfe: 34<\/p>\n","protected":false},"excerpt":{"rendered":"<p>Messeware \u2013 Einzelst\u00fcck &#8211; Art.Nr. MA-0156<br \/>\nDer handgestrickte Pullover aus 70% Merino und 30% Alpaka ist sehr weich und w\u00e4rmend, ein perfekter Begleiter an kalten Wintertagen. Die Besonderheit ist die Kellerfalte im R\u00fccken, die mit beigem Lodenstoff versehen und mit Mausez\u00e4hnchen eingefasst ist. Zu einem Highlight wird dieser Pullover durch das beige Satinband mit Perle, das in den Kragen mit eingezogen wurde. Im R\u00fccken und an den \u00c4rmeln wurden ebenso Schleifen aus beigem Satinband eingearbeitet.<\/p>\n<p>Farbe: beige<br \/>\nGr\u00f6\u00dfe: 34<\/p>\n","protected":false},"featured_media":3478,"template":"","meta":{"ocean_post_layout":"","ocean_both_sidebars_style":"","ocean_both_sidebars_content_width":0,"ocean_both_sidebars_sidebars_width":0,"ocean_sidebar":"0","ocean_second_sidebar":"0","ocean_disable_margins":"enable","ocean_add_body_class":"","ocean_shortcode_before_top_bar":"","ocean_shortcode_after_top_bar":"","ocean_shortcode_before_header":"","ocean_shortcode_after_header":"","ocean_has_shortcode":"","ocean_shortcode_after_title":"","ocean_shortcode_before_footer_widgets":"","ocean_shortcode_after_footer_widgets":"","ocean_shortcode_before_footer_bottom":"","ocean_shortcode_after_footer_bottom":"","ocean_display_top_bar":"default","ocean_display_header":"default","ocean_header_style":"","ocean_center_header_left_menu":"0","ocean_custom_header_template":"0","ocean_custom_logo":0,"ocean_custom_retina_logo":0,"ocean_custom_logo_max_width":0,"ocean_custom_logo_tablet_max_width":0,"ocean_custom_logo_mobile_max_width":0,"ocean_custom_logo_max_height":0,"ocean_custom_logo_tablet_max_height":0,"ocean_custom_logo_mobile_max_height":0,"ocean_header_custom_menu":"0","ocean_menu_typo_font_family":"0","ocean_menu_typo_font_subset":"","ocean_menu_typo_font_size":0,"ocean_menu_typo_font_size_tablet":0,"ocean_menu_typo_font_size_mobile":0,"ocean_menu_typo_font_size_unit":"px","ocean_menu_typo_font_weight":"","ocean_menu_typo_font_weight_tablet":"","ocean_menu_typo_font_weight_mobile":"","ocean_menu_typo_transform":"","ocean_menu_typo_transform_tablet":"","ocean_menu_typo_transform_mobile":"","ocean_menu_typo_line_height":0,"ocean_menu_typo_line_height_tablet":0,"ocean_menu_typo_line_height_mobile":0,"ocean_menu_typo_line_height_unit":"","ocean_menu_typo_spacing":0,"ocean_menu_typo_spacing_tablet":0,"ocean_menu_typo_spacing_mobile":0,"ocean_menu_typo_spacing_unit":"","ocean_menu_link_color":"","ocean_menu_link_color_hover":"","ocean_menu_link_color_active":"","ocean_menu_link_background":"","ocean_menu_link_hover_background":"","ocean_menu_link_active_background":"","ocean_menu_social_links_bg":"","ocean_menu_social_hover_links_bg":"","ocean_menu_social_links_color":"","ocean_menu_social_hover_links_color":"","ocean_disable_title":"default","ocean_disable_heading":"default","ocean_post_title":"","ocean_post_subheading":"","ocean_post_title_style":"","ocean_post_title_background_color":"","ocean_post_title_background":0,"ocean_post_title_bg_image_position":"","ocean_post_title_bg_image_attachment":"","ocean_post_title_bg_image_repeat":"","ocean_post_title_bg_image_size":"","ocean_post_title_height":0,"ocean_post_title_bg_overlay":0.5,"ocean_post_title_bg_overlay_color":"","ocean_disable_breadcrumbs":"default","ocean_breadcrumbs_color":"","ocean_breadcrumbs_separator_color":"","ocean_breadcrumbs_links_color":"","ocean_breadcrumbs_links_hover_color":"","ocean_display_footer_widgets":"default","ocean_display_footer_bottom":"default","ocean_custom_footer_template":"0"},"product_brand":[],"product_cat":[15],"product_tag":[66,96,97,122,204,46,63,100],"class_list":{"0":"post-3470","1":"product","2":"type-product","3":"status-publish","4":"has-post-thumbnail","6":"product_cat-damen","7":"product_tag-alpaka","8":"product_tag-damenpullover","9":"product_tag-handgestrickt","10":"product_tag-kellerfalte","11":"product_tag-loden","12":"product_tag-merino","13":"product_tag-pullover","14":"product_tag-strickpullover","16":"entry","17":"has-media","19":"first","20":"instock","21":"sale","22":"sold-individually","23":"taxable","24":"shipping-taxable","25":"purchasable","26":"product-type-simple","27":"has-product-nav","28":"col","29":"span_1_of_3","30":"owp-content-center","31":"owp-thumbs-layout-horizontal","32":"owp-btn-normal","33":"owp-tabs-layout-horizontal"},"_links":{"self":[{"href":"https:\/\/www.pezzo-strick.de\/pezzoshop\/wp-json\/wp\/v2\/product\/3470","targetHints":{"allow":["GET"]}}],"collection":[{"href":"https:\/\/www.pezzo-strick.de\/pezzoshop\/wp-json\/wp\/v2\/product"}],"about":[{"href":"https:\/\/www.pezzo-strick.de\/pezzoshop\/wp-json\/wp\/v2\/types\/product"}],"wp:featuredmedia":[{"embeddable":true,"href":"https:\/\/www.pezzo-strick.de\/pezzoshop\/wp-json\/wp\/v2\/media\/3478"}],"wp:attachment":[{"href":"https:\/\/www.pezzo-strick.de\/pezzoshop\/wp-json\/wp\/v2\/media?parent=3470"}],"wp:term":[{"taxonomy":"product_brand","embeddable":true,"href":"https:\/\/www.pezzo-strick.de\/pezzoshop\/wp-json\/wp\/v2\/product_brand?post=3470"},{"taxonomy":"product_cat","embeddable":true,"href":"https:\/\/www.pezzo-strick.de\/pezzoshop\/wp-json\/wp\/v2\/product_cat?post=3470"},{"taxonomy":"product_tag","embeddable":true,"href":"https:\/\/www.pezzo-strick.de\/pezzoshop\/wp-json\/wp\/v2\/product_tag?post=3470"}],"curies":[{"name":"wp","href":"https:\/\/api.w.org\/{rel}","templated":true}]}}