{"id":4016,"date":"2025-11-01T08:00:21","date_gmt":"2025-11-01T07:00:21","guid":{"rendered":"https:\/\/www.pezzo-strick.de\/pezzoshop\/?post_type=product&#038;p=4016"},"modified":"2026-01-08T23:24:17","modified_gmt":"2026-01-08T22:24:17","slug":"strickjacke-handgestrickt-aus-schafschurwolle-art-nr-hs-0123","status":"publish","type":"product","link":"https:\/\/www.pezzo-strick.de\/pezzoshop\/produkt\/strickjacke-handgestrickt-aus-schafschurwolle-art-nr-hs-0123\/","title":{"rendered":"Strickjacke handgestrickt aus Schafschurwolle Art.Nr. HS-0123"},"content":{"rendered":"<p>Messeware \u2013 Einzelst\u00fcck \u2013 Art.Nr. HS-0123<br \/>\nTrachtenjacke f\u00fcr Herren in dunkelgrau handgestrickt, aus reiner Schafschurwolle im klassischen Trachtenmuster. Die Strickjacke ist ein Begleiter, f\u00fcr jeden Anlass und jede Jahreszeit. Der dunkelgraue Kragen ist aus hochwertigem Lodenstoff und wurde in dunkelgr\u00fcn eingefasst. Die Knopfleiste und die Taschen wurden ebenso mit dunkelgr\u00fcnem Lodenstoff abgesetzt. Dies verleiht der Jacke eine besondere Note. Die echten Hornkn\u00f6pfe runden das Gesamtbild ab.<\/p>\n<p>Farbe: dunkelgrau<br \/>\nFutter: weinrot<br \/>\nKn\u00f6pfe: Hirschhorn<br \/>\nGr\u00f6\u00dfe: 56<\/p>\n","protected":false},"excerpt":{"rendered":"<p>Messeware \u2013 Einzelst\u00fcck \u2013 Art.Nr. HS-0123<br \/>\nTrachtenjacke f\u00fcr Herren in dunkelgrau handgestrickt, aus reiner Schafschurwolle im klassischen Trachtenmuster. Die Strickjacke ist ein Begleiter, f\u00fcr jeden Anlass und jede Jahreszeit. Der dunkelgraue Kragen ist aus hochwertigem Lodenstoff und wurde in dunkelgr\u00fcn eingefasst. Die Knopfleiste und die Taschen wurden ebenso mit dunkelgr\u00fcnem Lodenstoff abgesetzt. Dies verleiht der Jacke eine besondere Note. Die echten Hornkn\u00f6pfe runden das Gesamtbild ab.<\/p>\n<p>Farbe: dunkelgrau<br \/>\nFutter: weinrot<br \/>\nKn\u00f6pfe: Hirschhorn<br \/>\nGr\u00f6\u00dfe: 56<\/p>\n","protected":false},"featured_media":4017,"template":"","meta":{"ocean_post_layout":"","ocean_both_sidebars_style":"","ocean_both_sidebars_content_width":0,"ocean_both_sidebars_sidebars_width":0,"ocean_sidebar":"0","ocean_second_sidebar":"0","ocean_disable_margins":"enable","ocean_add_body_class":"","ocean_shortcode_before_top_bar":"","ocean_shortcode_after_top_bar":"","ocean_shortcode_before_header":"","ocean_shortcode_after_header":"","ocean_has_shortcode":"","ocean_shortcode_after_title":"","ocean_shortcode_before_footer_widgets":"","ocean_shortcode_after_footer_widgets":"","ocean_shortcode_before_footer_bottom":"","ocean_shortcode_after_footer_bottom":"","ocean_display_top_bar":"default","ocean_display_header":"default","ocean_header_style":"","ocean_center_header_left_menu":"0","ocean_custom_header_template":"0","ocean_custom_logo":0,"ocean_custom_retina_logo":0,"ocean_custom_logo_max_width":0,"ocean_custom_logo_tablet_max_width":0,"ocean_custom_logo_mobile_max_width":0,"ocean_custom_logo_max_height":0,"ocean_custom_logo_tablet_max_height":0,"ocean_custom_logo_mobile_max_height":0,"ocean_header_custom_menu":"0","ocean_menu_typo_font_family":"0","ocean_menu_typo_font_subset":"","ocean_menu_typo_font_size":0,"ocean_menu_typo_font_size_tablet":0,"ocean_menu_typo_font_size_mobile":0,"ocean_menu_typo_font_size_unit":"px","ocean_menu_typo_font_weight":"","ocean_menu_typo_font_weight_tablet":"","ocean_menu_typo_font_weight_mobile":"","ocean_menu_typo_transform":"","ocean_menu_typo_transform_tablet":"","ocean_menu_typo_transform_mobile":"","ocean_menu_typo_line_height":0,"ocean_menu_typo_line_height_tablet":0,"ocean_menu_typo_line_height_mobile":0,"ocean_menu_typo_line_height_unit":"","ocean_menu_typo_spacing":0,"ocean_menu_typo_spacing_tablet":0,"ocean_menu_typo_spacing_mobile":0,"ocean_menu_typo_spacing_unit":"","ocean_menu_link_color":"","ocean_menu_link_color_hover":"","ocean_menu_link_color_active":"","ocean_menu_link_background":"","ocean_menu_link_hover_background":"","ocean_menu_link_active_background":"","ocean_menu_social_links_bg":"","ocean_menu_social_hover_links_bg":"","ocean_menu_social_links_color":"","ocean_menu_social_hover_links_color":"","ocean_disable_title":"default","ocean_disable_heading":"default","ocean_post_title":"","ocean_post_subheading":"","ocean_post_title_style":"","ocean_post_title_background_color":"","ocean_post_title_background":0,"ocean_post_title_bg_image_position":"","ocean_post_title_bg_image_attachment":"","ocean_post_title_bg_image_repeat":"","ocean_post_title_bg_image_size":"","ocean_post_title_height":0,"ocean_post_title_bg_overlay":0.5,"ocean_post_title_bg_overlay_color":"","ocean_disable_breadcrumbs":"default","ocean_breadcrumbs_color":"","ocean_breadcrumbs_separator_color":"","ocean_breadcrumbs_links_color":"","ocean_breadcrumbs_links_hover_color":"","ocean_display_footer_widgets":"default","ocean_display_footer_bottom":"default","ocean_custom_footer_template":"0"},"product_brand":[],"product_cat":[18],"product_tag":[97,71,42,45,84],"class_list":{"0":"post-4016","1":"product","2":"type-product","3":"status-publish","4":"has-post-thumbnail","6":"product_cat-herren","7":"product_tag-handgestrickt","8":"product_tag-schurwolle","9":"product_tag-strickjacke","10":"product_tag-trachtenjacke","11":"product_tag-trachtenjanker","12":"pa_groesse-gr-56","13":"pa_qualitaet-merino","15":"entry","16":"has-media","18":"first","19":"outofstock","20":"sale","21":"sold-individually","22":"taxable","23":"shipping-taxable","24":"purchasable","25":"product-type-simple","26":"has-product-nav","27":"col","28":"span_1_of_3","29":"owp-content-center","30":"owp-thumbs-layout-horizontal","31":"owp-btn-normal","32":"owp-tabs-layout-horizontal"},"_links":{"self":[{"href":"https:\/\/www.pezzo-strick.de\/pezzoshop\/wp-json\/wp\/v2\/product\/4016","targetHints":{"allow":["GET"]}}],"collection":[{"href":"https:\/\/www.pezzo-strick.de\/pezzoshop\/wp-json\/wp\/v2\/product"}],"about":[{"href":"https:\/\/www.pezzo-strick.de\/pezzoshop\/wp-json\/wp\/v2\/types\/product"}],"wp:featuredmedia":[{"embeddable":true,"href":"https:\/\/www.pezzo-strick.de\/pezzoshop\/wp-json\/wp\/v2\/media\/4017"}],"wp:attachment":[{"href":"https:\/\/www.pezzo-strick.de\/pezzoshop\/wp-json\/wp\/v2\/media?parent=4016"}],"wp:term":[{"taxonomy":"product_brand","embeddable":true,"href":"https:\/\/www.pezzo-strick.de\/pezzoshop\/wp-json\/wp\/v2\/product_brand?post=4016"},{"taxonomy":"product_cat","embeddable":true,"href":"https:\/\/www.pezzo-strick.de\/pezzoshop\/wp-json\/wp\/v2\/product_cat?post=4016"},{"taxonomy":"product_tag","embeddable":true,"href":"https:\/\/www.pezzo-strick.de\/pezzoshop\/wp-json\/wp\/v2\/product_tag?post=4016"}],"curies":[{"name":"wp","href":"https:\/\/api.w.org\/{rel}","templated":true}]}}