{"id":4170,"date":"2025-12-12T08:00:34","date_gmt":"2025-12-12T07:00:34","guid":{"rendered":"https:\/\/www.pezzo-strick.de\/pezzoshop\/?post_type=product&#038;p=4170"},"modified":"2026-01-08T09:25:56","modified_gmt":"2026-01-08T08:25:56","slug":"damenjacke-aus-merino-alpakagemisch-art-nr-ma-0195","status":"publish","type":"product","link":"https:\/\/www.pezzo-strick.de\/pezzoshop\/produkt\/damenjacke-aus-merino-alpakagemisch-art-nr-ma-0195\/","title":{"rendered":"Damenjacke aus Merino-\/Alpakagemisch Art.Nr. MA-0195"},"content":{"rendered":"<p>Messeware \u2013 Einzelst\u00fcck Art.Nr. MA-0195<br \/>\nDie handgestrickte Jacke aus 70% Merino- und 30% Alpakawolle besticht durch das weiche und angenehme Garn. Ein Begleiter nicht nur f\u00fcr den Winter sondern auch f\u00fcr k\u00fchlere Sommern\u00e4chte. Zu einem Unikat wird diese taillierte Jacke im Lochmuster durch den eckigen Halsausschnitt mit eingestickten Bl\u00fcmchen. Knopfleiste, Halsausschnitt und Saum wurden gr\u00fcn eingefasst. <\/p>\n<p>Farbe: altrosa<br \/>\nKn\u00f6pfe: Metallkn\u00f6pfe in H\u00fctchenoptik<br \/>\nGr\u00f6\u00dfe: 36<\/p>\n","protected":false},"excerpt":{"rendered":"<p>Messeware \u2013 Einzelst\u00fcck Art.Nr. MA-0195<br \/>\nDie handgestrickte Jacke aus 70% Merino- und 30% Alpakawolle besticht durch das weiche und angenehme Garn. Ein Begleiter nicht nur f\u00fcr den Winter sondern auch f\u00fcr k\u00fchlere Sommern\u00e4chte. Zu einem Unikat wird diese taillierte Jacke im Lochmuster durch den eckigen Halsausschnitt mit eingestickten Bl\u00fcmchen. Knopfleiste, Halsausschnitt und Saum wurden gr\u00fcn eingefasst. <\/p>\n<p>Farbe: altrosa<br \/>\nKn\u00f6pfe: Metallkn\u00f6pfe in H\u00fctchenoptik<br \/>\nGr\u00f6\u00dfe: 36<\/p>\n","protected":false},"featured_media":4171,"template":"","meta":{"ocean_post_layout":"","ocean_both_sidebars_style":"","ocean_both_sidebars_content_width":0,"ocean_both_sidebars_sidebars_width":0,"ocean_sidebar":"0","ocean_second_sidebar":"0","ocean_disable_margins":"enable","ocean_add_body_class":"","ocean_shortcode_before_top_bar":"","ocean_shortcode_after_top_bar":"","ocean_shortcode_before_header":"","ocean_shortcode_after_header":"","ocean_has_shortcode":"","ocean_shortcode_after_title":"","ocean_shortcode_before_footer_widgets":"","ocean_shortcode_after_footer_widgets":"","ocean_shortcode_before_footer_bottom":"","ocean_shortcode_after_footer_bottom":"","ocean_display_top_bar":"default","ocean_display_header":"default","ocean_header_style":"","ocean_center_header_left_menu":"0","ocean_custom_header_template":"0","ocean_custom_logo":0,"ocean_custom_retina_logo":0,"ocean_custom_logo_max_width":0,"ocean_custom_logo_tablet_max_width":0,"ocean_custom_logo_mobile_max_width":0,"ocean_custom_logo_max_height":0,"ocean_custom_logo_tablet_max_height":0,"ocean_custom_logo_mobile_max_height":0,"ocean_header_custom_menu":"0","ocean_menu_typo_font_family":"0","ocean_menu_typo_font_subset":"","ocean_menu_typo_font_size":0,"ocean_menu_typo_font_size_tablet":0,"ocean_menu_typo_font_size_mobile":0,"ocean_menu_typo_font_size_unit":"px","ocean_menu_typo_font_weight":"","ocean_menu_typo_font_weight_tablet":"","ocean_menu_typo_font_weight_mobile":"","ocean_menu_typo_transform":"","ocean_menu_typo_transform_tablet":"","ocean_menu_typo_transform_mobile":"","ocean_menu_typo_line_height":0,"ocean_menu_typo_line_height_tablet":0,"ocean_menu_typo_line_height_mobile":0,"ocean_menu_typo_line_height_unit":"","ocean_menu_typo_spacing":0,"ocean_menu_typo_spacing_tablet":0,"ocean_menu_typo_spacing_mobile":0,"ocean_menu_typo_spacing_unit":"","ocean_menu_link_color":"","ocean_menu_link_color_hover":"","ocean_menu_link_color_active":"","ocean_menu_link_background":"","ocean_menu_link_hover_background":"","ocean_menu_link_active_background":"","ocean_menu_social_links_bg":"","ocean_menu_social_hover_links_bg":"","ocean_menu_social_links_color":"","ocean_menu_social_hover_links_color":"","ocean_disable_title":"default","ocean_disable_heading":"default","ocean_post_title":"","ocean_post_subheading":"","ocean_post_title_style":"","ocean_post_title_background_color":"","ocean_post_title_background":0,"ocean_post_title_bg_image_position":"","ocean_post_title_bg_image_attachment":"","ocean_post_title_bg_image_repeat":"","ocean_post_title_bg_image_size":"","ocean_post_title_height":0,"ocean_post_title_bg_overlay":0.5,"ocean_post_title_bg_overlay_color":"","ocean_disable_breadcrumbs":"default","ocean_breadcrumbs_color":"","ocean_breadcrumbs_separator_color":"","ocean_breadcrumbs_links_color":"","ocean_breadcrumbs_links_hover_color":"","ocean_display_footer_widgets":"default","ocean_display_footer_bottom":"default","ocean_custom_footer_template":"0"},"product_brand":[],"product_cat":[15],"product_tag":[66,95,46,42,45],"class_list":{"0":"post-4170","1":"product","2":"type-product","3":"status-publish","4":"has-post-thumbnail","6":"product_cat-damen","7":"product_tag-alpaka","8":"product_tag-damenjacke","9":"product_tag-merino","10":"product_tag-strickjacke","11":"product_tag-trachtenjacke","12":"pa_groesse-s-m","13":"pa_qualitaet-alpaka","14":"pa_qualitaet-merino","16":"entry","17":"has-media","19":"first","20":"outofstock","21":"sale","22":"sold-individually","23":"taxable","24":"shipping-taxable","25":"purchasable","26":"product-type-simple","27":"has-product-nav","28":"col","29":"span_1_of_3","30":"owp-content-center","31":"owp-thumbs-layout-horizontal","32":"owp-btn-normal","33":"owp-tabs-layout-horizontal"},"_links":{"self":[{"href":"https:\/\/www.pezzo-strick.de\/pezzoshop\/wp-json\/wp\/v2\/product\/4170","targetHints":{"allow":["GET"]}}],"collection":[{"href":"https:\/\/www.pezzo-strick.de\/pezzoshop\/wp-json\/wp\/v2\/product"}],"about":[{"href":"https:\/\/www.pezzo-strick.de\/pezzoshop\/wp-json\/wp\/v2\/types\/product"}],"wp:featuredmedia":[{"embeddable":true,"href":"https:\/\/www.pezzo-strick.de\/pezzoshop\/wp-json\/wp\/v2\/media\/4171"}],"wp:attachment":[{"href":"https:\/\/www.pezzo-strick.de\/pezzoshop\/wp-json\/wp\/v2\/media?parent=4170"}],"wp:term":[{"taxonomy":"product_brand","embeddable":true,"href":"https:\/\/www.pezzo-strick.de\/pezzoshop\/wp-json\/wp\/v2\/product_brand?post=4170"},{"taxonomy":"product_cat","embeddable":true,"href":"https:\/\/www.pezzo-strick.de\/pezzoshop\/wp-json\/wp\/v2\/product_cat?post=4170"},{"taxonomy":"product_tag","embeddable":true,"href":"https:\/\/www.pezzo-strick.de\/pezzoshop\/wp-json\/wp\/v2\/product_tag?post=4170"}],"curies":[{"name":"wp","href":"https:\/\/api.w.org\/{rel}","templated":true}]}}